{"id":2173,"date":"2026-03-28T21:11:12","date_gmt":"2026-03-28T21:11:12","guid":{"rendered":"https:\/\/klaims.com\/?page_id=2173"},"modified":"2026-03-28T21:14:58","modified_gmt":"2026-03-28T21:14:58","slug":"sms","status":"publish","type":"page","link":"https:\/\/klaims.com\/en\/sms\/","title":{"rendered":"sms"},"content":{"rendered":"<div data-elementor-type=\"wp-page\" data-elementor-id=\"2173\" class=\"elementor elementor-2173\" data-elementor-post-type=\"page\">\n\t\t\t\t<div class=\"elementor-element elementor-element-b6b11d3 e-flex e-con-boxed e-con e-parent\" data-id=\"b6b11d3\" data-element_type=\"container\">\n\t\t\t\t\t<div class=\"e-con-inner\">\n\t\t\t\t<div class=\"elementor-element elementor-element-d08bec3 elementor-widget elementor-widget-shortcode\" data-id=\"d08bec3\" data-element_type=\"widget\" data-widget_type=\"shortcode.default\">\n\t\t\t\t\t\t\t<div class=\"elementor-shortcode\">        <div class=\"klaims-sms-form-container\">\n            <div class=\"klaims-sms-form-header\">\n                <h1 class=\"klaims-sms-form-title\">Consentimiento SMS<\/h1>\n                <p class=\"klaims-sms-form-subtitle\">Completa el siguiente formulario para autorizar el env\u00edo de mensajes SMS relacionados con el estado de tus reclamos.<\/p>\n            <\/div>\n\n            <div class=\"klaims-sms-form-box\">\n                \n                <form method=\"post\" action=\"https:\/\/klaims.com\/wp-admin\/admin-post.php\">\n                    <input type=\"hidden\" name=\"action\" value=\"klaims_save_sms_consent\">\n                    <input type=\"hidden\" id=\"klaims_sms_nonce\" name=\"klaims_sms_nonce\" value=\"0d1479301c\" \/><input type=\"hidden\" name=\"_wp_http_referer\" value=\"\/en\/wp-json\/wp\/v2\/pages\/2173\" \/>\n                    <div class=\"klaims-sms-form-group\">\n                        <label for=\"klaims_phone\" class=\"klaims-sms-form-label\">Phone number<\/label>\n                        <input\n                            type=\"tel\"\n                            id=\"klaims_phone\"\n                            name=\"klaims_phone\"\n                            class=\"klaims-sms-form-input\"\n                            placeholder=\"Ej. +1 786 555 1234\"\n                            required\n>\n                    <\/div>\n\n                    <div class=\"klaims-sms-form-group\">\n                        <div class=\"klaims-sms-checkbox-wrap\">\n                            <input\n                                type=\"checkbox\"\n                                id=\"klaims_sms_consent\"\n                                name=\"klaims_sms_consent\"\n                                value=\"1\"\n                                required\n>\n                            <label for=\"klaims_sms_consent\" class=\"klaims-sms-checkbox-text\">\n                                Acepto recibir mensajes SMS de KLAIMSCOM LLC sobre el estado de mis reclamos. Entiendo que la frecuencia de mensajes puede variar. Puedo responder STOP en cualquier momento para cancelar la suscripci\u00f3n. Pueden aplicar tarifas de mensajes y datos. Consulta nuestra\n                                <a href=\"https:\/\/klaims.com\/en\/politica-de-privacidad\/\" target=\"_blank\" rel=\"noopener noreferrer\">Privacy Policy<\/a>\n                                and\n                                <a href=\"https:\/\/klaims.com\/en\/terminos-y-condiciones\/\" target=\"_blank\" rel=\"noopener noreferrer\">Terms of Service.<\/a>.\n                            <\/label>\n                        <\/div>\n\n                        <div class=\"klaims-sms-links\">\n                            <a href=\"https:\/\/klaims.com\/en\/politica-de-privacidad\/\" target=\"_blank\" rel=\"noopener noreferrer\">Ver Pol\u00edtica de Privacidad<\/a>\n                            <a href=\"https:\/\/klaims.com\/en\/terminos-y-condiciones\/\" target=\"_blank\" rel=\"noopener noreferrer\">Ver T\u00e9rminos de Servicio<\/a>\n                        <\/div>\n                    <\/div>\n\n                    <input type=\"hidden\" name=\"klaims_privacy_url\" value=\"https:\/\/klaims.com\/politica-de-privacidad\/\">\n                    <input type=\"hidden\" name=\"klaims_terms_url\" value=\"https:\/\/klaims.com\/terminos-y-condiciones\/\">\n                    <input type=\"hidden\" name=\"klaims_page_url\" value=\"https:\/\/klaims.com\/en\/wp-json\/wp\/v2\/pages\/2173\">\n                    <input type=\"hidden\" name=\"klaims_redirect_to\" value=\"https:\/\/klaims.com\/en\/wp-json\/wp\/v2\/pages\/2173\">\n\n                    <button type=\"submit\" class=\"klaims-sms-submit\">\n                        Enviar consentimiento\n                    <\/button>\n\n                    <div class=\"klaims-sms-note\">\n                        Al enviar este formulario, confirmas que proporcionas tu n\u00famero voluntariamente y autorizas el env\u00edo de mensajes de texto seg\u00fan lo indicado en el consentimiento.\n                    <\/div>\n                <\/form>\n            <\/div>\n        <\/div>\n\n        <div id=\"klaims-success-modal\" class=\"klaims-modal-overlay\" aria-hidden=\"true\">\n            <div class=\"klaims-modal-box\" role=\"dialog\" aria-modal=\"true\" aria-labelledby=\"klaims-modal-title\">\n                <div class=\"klaims-modal-icon\">\u2713<\/div>\n                <div id=\"klaims-modal-title\" class=\"klaims-modal-title\">Datos enviados exitosamente<\/div>\n                <div class=\"klaims-modal-text\">\n                    Tu n\u00famero y tu consentimiento SMS fueron guardados correctamente.\n                <\/div>\n                <button type=\"button\" class=\"klaims-modal-button\" id=\"klaims-close-modal\">Cerrar<\/button>\n            <\/div>\n        <\/div>\n        <\/div>\n\t\t\t\t\t\t<\/div>\n\t\t\t\t\t<\/div>\n\t\t\t\t<\/div>\n\t\t\t\t<\/div>","protected":false},"excerpt":{"rendered":"","protected":false},"author":1,"featured_media":0,"parent":0,"menu_order":0,"comment_status":"closed","ping_status":"closed","template":"","meta":{"inline_featured_image":false,"footnotes":""},"class_list":["post-2173","page","type-page","status-publish","hentry"],"yoast_head":"<!-- This site is optimized with the Yoast SEO plugin v26.8 - https:\/\/yoast.com\/product\/yoast-seo-wordpress\/ -->\n<title>sms - KLAIMS.COM, EL CAMINO M\u00c1S R\u00c1PIDO A TU COMPENSACI\u00d3N<\/title>\n<meta name=\"robots\" content=\"index, follow, max-snippet:-1, max-image-preview:large, max-video-preview:-1\" \/>\n<link rel=\"canonical\" href=\"https:\/\/klaims.com\/en\/sms\/\" \/>\n<meta property=\"og:locale\" content=\"en_US\" \/>\n<meta property=\"og:type\" content=\"article\" \/>\n<meta property=\"og:title\" content=\"sms - KLAIMS.COM, EL CAMINO M\u00c1S R\u00c1PIDO A TU COMPENSACI\u00d3N\" \/>\n<meta property=\"og:url\" content=\"https:\/\/klaims.com\/en\/sms\/\" \/>\n<meta property=\"og:site_name\" content=\"KLAIMS.COM, EL CAMINO M\u00c1S R\u00c1PIDO A TU COMPENSACI\u00d3N\" \/>\n<meta property=\"article:modified_time\" content=\"2026-03-28T21:14:58+00:00\" \/>\n<meta name=\"twitter:card\" content=\"summary_large_image\" \/>\n<meta name=\"twitter:label1\" content=\"Est. reading time\" \/>\n\t<meta name=\"twitter:data1\" content=\"1 minute\" \/>\n<script type=\"application\/ld+json\" class=\"yoast-schema-graph\">{\"@context\":\"https:\/\/schema.org\",\"@graph\":[{\"@type\":\"WebPage\",\"@id\":\"https:\/\/klaims.com\/sms\/\",\"url\":\"https:\/\/klaims.com\/sms\/\",\"name\":\"sms - KLAIMS.COM, EL CAMINO M\u00c1S R\u00c1PIDO A TU COMPENSACI\u00d3N\",\"isPartOf\":{\"@id\":\"https:\/\/klaims.com\/#website\"},\"datePublished\":\"2026-03-28T21:11:12+00:00\",\"dateModified\":\"2026-03-28T21:14:58+00:00\",\"breadcrumb\":{\"@id\":\"https:\/\/klaims.com\/sms\/#breadcrumb\"},\"inLanguage\":\"en-US\",\"potentialAction\":[{\"@type\":\"ReadAction\",\"target\":[\"https:\/\/klaims.com\/sms\/\"]}]},{\"@type\":\"BreadcrumbList\",\"@id\":\"https:\/\/klaims.com\/sms\/#breadcrumb\",\"itemListElement\":[{\"@type\":\"ListItem\",\"position\":1,\"name\":\"Portada\",\"item\":\"https:\/\/klaims.com\/\"},{\"@type\":\"ListItem\",\"position\":2,\"name\":\"sms\"}]},{\"@type\":\"WebSite\",\"@id\":\"https:\/\/klaims.com\/#website\",\"url\":\"https:\/\/klaims.com\/\",\"name\":\"KLAIMS.COM, EL CAMINO M\u00c1S R\u00c1PIDO A TU COMPENSACI\u00d3N\",\"description\":\"\",\"potentialAction\":[{\"@type\":\"SearchAction\",\"target\":{\"@type\":\"EntryPoint\",\"urlTemplate\":\"https:\/\/klaims.com\/?s={search_term_string}\"},\"query-input\":{\"@type\":\"PropertyValueSpecification\",\"valueRequired\":true,\"valueName\":\"search_term_string\"}}],\"inLanguage\":\"en-US\"}]}<\/script>\n<!-- \/ Yoast SEO plugin. -->","yoast_head_json":{"title":"sms - KLAIMS.COM, EL CAMINO M\u00c1S R\u00c1PIDO A TU COMPENSACI\u00d3N","robots":{"index":"index","follow":"follow","max-snippet":"max-snippet:-1","max-image-preview":"max-image-preview:large","max-video-preview":"max-video-preview:-1"},"canonical":"https:\/\/klaims.com\/en\/sms\/","og_locale":"en_US","og_type":"article","og_title":"sms - KLAIMS.COM, EL CAMINO M\u00c1S R\u00c1PIDO A TU COMPENSACI\u00d3N","og_url":"https:\/\/klaims.com\/en\/sms\/","og_site_name":"KLAIMS.COM, EL CAMINO M\u00c1S R\u00c1PIDO A TU COMPENSACI\u00d3N","article_modified_time":"2026-03-28T21:14:58+00:00","twitter_card":"summary_large_image","twitter_misc":{"Est. reading time":"1 minute"},"schema":{"@context":"https:\/\/schema.org","@graph":[{"@type":"WebPage","@id":"https:\/\/klaims.com\/sms\/","url":"https:\/\/klaims.com\/sms\/","name":"sms - KLAIMS.COM, EL CAMINO M\u00c1S R\u00c1PIDO A TU COMPENSACI\u00d3N","isPartOf":{"@id":"https:\/\/klaims.com\/#website"},"datePublished":"2026-03-28T21:11:12+00:00","dateModified":"2026-03-28T21:14:58+00:00","breadcrumb":{"@id":"https:\/\/klaims.com\/sms\/#breadcrumb"},"inLanguage":"en-US","potentialAction":[{"@type":"ReadAction","target":["https:\/\/klaims.com\/sms\/"]}]},{"@type":"BreadcrumbList","@id":"https:\/\/klaims.com\/sms\/#breadcrumb","itemListElement":[{"@type":"ListItem","position":1,"name":"Portada","item":"https:\/\/klaims.com\/"},{"@type":"ListItem","position":2,"name":"sms"}]},{"@type":"WebSite","@id":"https:\/\/klaims.com\/#website","url":"https:\/\/klaims.com\/","name":"KLAIMS.COM, EL CAMINO M\u00c1S R\u00c1PIDO A TU COMPENSACI\u00d3N","description":"","potentialAction":[{"@type":"SearchAction","target":{"@type":"EntryPoint","urlTemplate":"https:\/\/klaims.com\/?s={search_term_string}"},"query-input":{"@type":"PropertyValueSpecification","valueRequired":true,"valueName":"search_term_string"}}],"inLanguage":"en-US"}]}},"_links":{"self":[{"href":"https:\/\/klaims.com\/en\/wp-json\/wp\/v2\/pages\/2173","targetHints":{"allow":["GET"]}}],"collection":[{"href":"https:\/\/klaims.com\/en\/wp-json\/wp\/v2\/pages"}],"about":[{"href":"https:\/\/klaims.com\/en\/wp-json\/wp\/v2\/types\/page"}],"author":[{"embeddable":true,"href":"https:\/\/klaims.com\/en\/wp-json\/wp\/v2\/users\/1"}],"replies":[{"embeddable":true,"href":"https:\/\/klaims.com\/en\/wp-json\/wp\/v2\/comments?post=2173"}],"version-history":[{"count":4,"href":"https:\/\/klaims.com\/en\/wp-json\/wp\/v2\/pages\/2173\/revisions"}],"predecessor-version":[{"id":2178,"href":"https:\/\/klaims.com\/en\/wp-json\/wp\/v2\/pages\/2173\/revisions\/2178"}],"wp:attachment":[{"href":"https:\/\/klaims.com\/en\/wp-json\/wp\/v2\/media?parent=2173"}],"curies":[{"name":"wp","href":"https:\/\/api.w.org\/{rel}","templated":true}]}}