{"id":2165,"date":"2026-03-28T20:52:25","date_gmt":"2026-03-28T20:52:25","guid":{"rendered":"https:\/\/klaims.com\/?page_id=2165"},"modified":"2026-03-28T20:53:33","modified_gmt":"2026-03-28T20:53:33","slug":"ayuda-2","status":"publish","type":"page","link":"https:\/\/klaims.com\/en\/ayuda-2\/","title":{"rendered":"ayuda"},"content":{"rendered":"<div data-elementor-type=\"wp-page\" data-elementor-id=\"2165\" class=\"elementor elementor-2165\" data-elementor-post-type=\"page\">\n\t\t\t\t<div class=\"elementor-element elementor-element-75826dc e-flex e-con-boxed e-con e-parent\" data-id=\"75826dc\" data-element_type=\"container\">\n\t\t\t\t\t<div class=\"e-con-inner\">\n\t\t\t\t<div class=\"elementor-element elementor-element-b8777eb elementor-widget elementor-widget-shortcode\" data-id=\"b8777eb\" data-element_type=\"widget\" data-widget_type=\"shortcode.default\">\n\t\t\t\t\t\t\t<div class=\"elementor-shortcode\">        <div class=\"klaims-help-container\">\n            <div class=\"klaims-help-header\">\n                <h1 class=\"klaims-help-title\">Help \u2013 Klaims.com SMS Messages<\/h1>\n                <p class=\"klaims-help-subtitle\">Last updated: March 30, 2026<\/p>\n            <\/div>\n\n            <div class=\"klaims-help-intro\">\n                If you receive text messages from <strong>KLAIMS.com<\/strong> and need assistance, contact us at\n                <a href=\"mailto:i&#110;&#102;&#111;&#064;k&#108;&#097;im&#115;.c&#111;&#109;\">info@klaims.com<\/a>\n                or visit our\n                <a href=\"https:\/\/klaims.com\/en\/contact\/\">contact page<\/a>.\n            <\/div>\n\n            <div class=\"klaims-help-section\">\n                <h2 class=\"klaims-help-section-title\">\n                    <span class=\"klaims-help-number\">1<\/span>\n                    What types of messages do we send?\n                <\/h2>\n                <div class=\"klaims-help-content\">\n                    <p>\n                        We send text messages with updates on the status of your claims (claim received, under review, approved or denied, case follow-up and updates, among others).\n                    <\/p>\n                <\/div>\n            <\/div>\n\n            <div class=\"klaims-help-section\">\n                <h2 class=\"klaims-help-section-title\">\n                    <span class=\"klaims-help-number\">2<\/span>\n                    How do I unsubscribe?\n                <\/h2>\n                <div class=\"klaims-help-content\">\n                    <div class=\"klaims-help-highlight\">\n                        You can reply <strong>STOP<\/strong> to any of our messages to stop receiving notifications. We will confirm your opt-out.\n                    <\/div>\n                <\/div>\n            <\/div>\n\n            <div class=\"klaims-help-section\">\n                <h2 class=\"klaims-help-section-title\">\n                    <span class=\"klaims-help-number\">3<\/span>\n                    Is there a cost to receive messages?\n                <\/h2>\n                <div class=\"klaims-help-content\">\n                    <p>\n                        Message and data rates may apply depending on your mobile plan. Check with your carrier.\n                    <\/p>\n                <\/div>\n            <\/div>\n\n            <div class=\"klaims-help-section\">\n                <h2 class=\"klaims-help-section-title\">\n                    <span class=\"klaims-help-number\">4<\/span>\n                    Privacy Policy\n                <\/h2>\n                <div class=\"klaims-help-content\">\n                    <p>\n                        See how we handle your data in our\n                        <a href=\"https:\/\/klaims.com\/en\/politica-de-privacidad\/\">Privacy Policy<\/a>.\n                    <\/p>\n                    <p>\n                        You can also review our\n                        <a href=\"https:\/\/klaims.com\/en\/terminos-y-condiciones\/\">Terms and Conditions<\/a>.\n                    <\/p>\n                <\/div>\n            <\/div>\n\n            <div class=\"klaims-help-contact\">\n                <h3>Help Contact<\/h3>\n                <p>If you need assistance with our SMS messages, contact us:<\/p>\n                <p>\n                    <strong>Email:<\/strong>\n                    <a href=\"mailto:i&#110;&#102;&#111;&#064;k&#108;&#097;im&#115;.c&#111;&#109;\">info@klaims.com<\/a>\n                <\/p>\n\n                <div class=\"klaims-help-legal-links\">\n                    <a href=\"https:\/\/klaims.com\/en\/contact\/\">Contact<\/a>\n                    <a href=\"https:\/\/klaims.com\/en\/politica-de-privacidad\/\">Privacy Policy<\/a>\n                    <a href=\"https:\/\/klaims.com\/en\/terminos-y-condiciones\/\">Terms and Conditions<\/a>\n                <\/div>\n            <\/div>\n\n            <div class=\"klaims-help-footer\">\n                <p>\u00a9 2026 KLAIMS COM LLC. All rights reserved.<\/p>\n            <\/div>\n        <\/div>\n        <\/div>\n\t\t\t\t\t\t<\/div>\n\t\t\t\t\t<\/div>\n\t\t\t\t<\/div>\n\t\t\t\t<\/div>","protected":false},"excerpt":{"rendered":"","protected":false},"author":1,"featured_media":0,"parent":0,"menu_order":0,"comment_status":"closed","ping_status":"closed","template":"","meta":{"inline_featured_image":false,"footnotes":""},"class_list":["post-2165","page","type-page","status-publish","hentry"],"yoast_head":"<!-- This site is optimized with the Yoast SEO plugin v26.8 - https:\/\/yoast.com\/product\/yoast-seo-wordpress\/ -->\n<title>ayuda - KLAIMS.COM, EL CAMINO M\u00c1S R\u00c1PIDO A TU COMPENSACI\u00d3N<\/title>\n<meta name=\"robots\" content=\"index, follow, max-snippet:-1, max-image-preview:large, max-video-preview:-1\" \/>\n<link rel=\"canonical\" href=\"https:\/\/klaims.com\/en\/ayuda-2\/\" \/>\n<meta property=\"og:locale\" content=\"en_US\" \/>\n<meta property=\"og:type\" content=\"article\" \/>\n<meta property=\"og:title\" content=\"ayuda - KLAIMS.COM, EL CAMINO M\u00c1S R\u00c1PIDO A TU COMPENSACI\u00d3N\" \/>\n<meta property=\"og:url\" content=\"https:\/\/klaims.com\/en\/ayuda-2\/\" \/>\n<meta property=\"og:site_name\" content=\"KLAIMS.COM, EL CAMINO M\u00c1S R\u00c1PIDO A TU COMPENSACI\u00d3N\" \/>\n<meta property=\"article:modified_time\" content=\"2026-03-28T20:53:33+00:00\" \/>\n<meta name=\"twitter:card\" content=\"summary_large_image\" \/>\n<script type=\"application\/ld+json\" class=\"yoast-schema-graph\">{\"@context\":\"https:\/\/schema.org\",\"@graph\":[{\"@type\":\"WebPage\",\"@id\":\"https:\/\/klaims.com\/ayuda-2\/\",\"url\":\"https:\/\/klaims.com\/ayuda-2\/\",\"name\":\"ayuda - KLAIMS.COM, EL CAMINO M\u00c1S R\u00c1PIDO A TU COMPENSACI\u00d3N\",\"isPartOf\":{\"@id\":\"https:\/\/klaims.com\/#website\"},\"datePublished\":\"2026-03-28T20:52:25+00:00\",\"dateModified\":\"2026-03-28T20:53:33+00:00\",\"breadcrumb\":{\"@id\":\"https:\/\/klaims.com\/ayuda-2\/#breadcrumb\"},\"inLanguage\":\"en-US\",\"potentialAction\":[{\"@type\":\"ReadAction\",\"target\":[\"https:\/\/klaims.com\/ayuda-2\/\"]}]},{\"@type\":\"BreadcrumbList\",\"@id\":\"https:\/\/klaims.com\/ayuda-2\/#breadcrumb\",\"itemListElement\":[{\"@type\":\"ListItem\",\"position\":1,\"name\":\"Portada\",\"item\":\"https:\/\/klaims.com\/\"},{\"@type\":\"ListItem\",\"position\":2,\"name\":\"ayuda\"}]},{\"@type\":\"WebSite\",\"@id\":\"https:\/\/klaims.com\/#website\",\"url\":\"https:\/\/klaims.com\/\",\"name\":\"KLAIMS.COM, EL CAMINO M\u00c1S R\u00c1PIDO A TU COMPENSACI\u00d3N\",\"description\":\"\",\"potentialAction\":[{\"@type\":\"SearchAction\",\"target\":{\"@type\":\"EntryPoint\",\"urlTemplate\":\"https:\/\/klaims.com\/?s={search_term_string}\"},\"query-input\":{\"@type\":\"PropertyValueSpecification\",\"valueRequired\":true,\"valueName\":\"search_term_string\"}}],\"inLanguage\":\"en-US\"}]}<\/script>\n<!-- \/ Yoast SEO plugin. -->","yoast_head_json":{"title":"ayuda - KLAIMS.COM, EL CAMINO M\u00c1S R\u00c1PIDO A TU COMPENSACI\u00d3N","robots":{"index":"index","follow":"follow","max-snippet":"max-snippet:-1","max-image-preview":"max-image-preview:large","max-video-preview":"max-video-preview:-1"},"canonical":"https:\/\/klaims.com\/en\/ayuda-2\/","og_locale":"en_US","og_type":"article","og_title":"ayuda - KLAIMS.COM, EL CAMINO M\u00c1S R\u00c1PIDO A TU COMPENSACI\u00d3N","og_url":"https:\/\/klaims.com\/en\/ayuda-2\/","og_site_name":"KLAIMS.COM, EL CAMINO M\u00c1S R\u00c1PIDO A TU COMPENSACI\u00d3N","article_modified_time":"2026-03-28T20:53:33+00:00","twitter_card":"summary_large_image","schema":{"@context":"https:\/\/schema.org","@graph":[{"@type":"WebPage","@id":"https:\/\/klaims.com\/ayuda-2\/","url":"https:\/\/klaims.com\/ayuda-2\/","name":"ayuda - KLAIMS.COM, EL CAMINO M\u00c1S R\u00c1PIDO A TU COMPENSACI\u00d3N","isPartOf":{"@id":"https:\/\/klaims.com\/#website"},"datePublished":"2026-03-28T20:52:25+00:00","dateModified":"2026-03-28T20:53:33+00:00","breadcrumb":{"@id":"https:\/\/klaims.com\/ayuda-2\/#breadcrumb"},"inLanguage":"en-US","potentialAction":[{"@type":"ReadAction","target":["https:\/\/klaims.com\/ayuda-2\/"]}]},{"@type":"BreadcrumbList","@id":"https:\/\/klaims.com\/ayuda-2\/#breadcrumb","itemListElement":[{"@type":"ListItem","position":1,"name":"Portada","item":"https:\/\/klaims.com\/"},{"@type":"ListItem","position":2,"name":"ayuda"}]},{"@type":"WebSite","@id":"https:\/\/klaims.com\/#website","url":"https:\/\/klaims.com\/","name":"KLAIMS.COM, EL CAMINO M\u00c1S R\u00c1PIDO A TU COMPENSACI\u00d3N","description":"","potentialAction":[{"@type":"SearchAction","target":{"@type":"EntryPoint","urlTemplate":"https:\/\/klaims.com\/?s={search_term_string}"},"query-input":{"@type":"PropertyValueSpecification","valueRequired":true,"valueName":"search_term_string"}}],"inLanguage":"en-US"}]}},"_links":{"self":[{"href":"https:\/\/klaims.com\/en\/wp-json\/wp\/v2\/pages\/2165","targetHints":{"allow":["GET"]}}],"collection":[{"href":"https:\/\/klaims.com\/en\/wp-json\/wp\/v2\/pages"}],"about":[{"href":"https:\/\/klaims.com\/en\/wp-json\/wp\/v2\/types\/page"}],"author":[{"embeddable":true,"href":"https:\/\/klaims.com\/en\/wp-json\/wp\/v2\/users\/1"}],"replies":[{"embeddable":true,"href":"https:\/\/klaims.com\/en\/wp-json\/wp\/v2\/comments?post=2165"}],"version-history":[{"count":4,"href":"https:\/\/klaims.com\/en\/wp-json\/wp\/v2\/pages\/2165\/revisions"}],"predecessor-version":[{"id":2169,"href":"https:\/\/klaims.com\/en\/wp-json\/wp\/v2\/pages\/2165\/revisions\/2169"}],"wp:attachment":[{"href":"https:\/\/klaims.com\/en\/wp-json\/wp\/v2\/media?parent=2165"}],"curies":[{"name":"wp","href":"https:\/\/api.w.org\/{rel}","templated":true}]}}