{"id":1747,"date":"2025-10-16T13:37:58","date_gmt":"2025-10-16T13:37:58","guid":{"rendered":"https:\/\/klaims.com\/?page_id=1747"},"modified":"2026-04-25T05:50:38","modified_gmt":"2026-04-25T05:50:38","slug":"formulario-2","status":"publish","type":"page","link":"https:\/\/klaims.com\/en\/formulario-2\/","title":{"rendered":"formulario"},"content":{"rendered":"<div data-elementor-type=\"wp-page\" data-elementor-id=\"1747\" class=\"elementor elementor-1747\" data-elementor-post-type=\"page\">\n\t\t\t\t<div class=\"elementor-element elementor-element-d46f48f e-flex e-con-boxed e-con e-child\" data-id=\"d46f48f\" data-element_type=\"container\" data-settings=\"{&quot;background_background&quot;:&quot;classic&quot;}\">\n\t\t\t\t\t<div class=\"e-con-inner\">\n\t\t\t\t<div class=\"elementor-element elementor-element-3f0371c elementor-widget elementor-widget-heading\" data-id=\"3f0371c\" data-element_type=\"widget\" data-widget_type=\"heading.default\">\n\t\t\t\t\t<h2 class=\"elementor-heading-title elementor-size-default\">Case Inquiry Form\n<\/h2>\t\t\t\t<\/div>\n\t\t\t\t<div class=\"elementor-element elementor-element-0c8de7c elementor-widget elementor-widget-text-editor\" data-id=\"0c8de7c\" data-element_type=\"widget\" data-widget_type=\"text-editor.default\">\n\t\t\t\t\t\t\t\t\t<p>Have you or a loved one been the victim of an injury or wrongful death due to negligence? Contact us now for a consultation.<\/p>\t\t\t\t\t\t\t\t<\/div>\n\t\t\t\t<div class=\"elementor-element elementor-element-172c70d elementor-button-align-stretch elementor-widget elementor-widget-global elementor-global-1771 elementor-widget-form\" data-id=\"172c70d\" data-element_type=\"widget\" data-settings=\"{&quot;step_next_label&quot;:&quot;Next&quot;,&quot;step_previous_label&quot;:&quot;Previous&quot;,&quot;button_width&quot;:&quot;30&quot;,&quot;step_type&quot;:&quot;number_text&quot;,&quot;step_icon_shape&quot;:&quot;circle&quot;}\" data-widget_type=\"form.default\">\n\t\t\t\t\t\t\t<form class=\"elementor-form\" method=\"post\" name=\"New Form\" aria-label=\"New Form\" action=\"\">\n\t\t\t<input type=\"hidden\" name=\"post_id\" value=\"1747\"\/>\n\t\t\t<input type=\"hidden\" name=\"form_id\" value=\"172c70d\"\/>\n\t\t\t<input type=\"hidden\" name=\"referer_title\" value=\"KLAIMS.COM, EL CAMINO M\u00c1S R\u00c1PIDO A TU COMPENSACI\u00d3N\" \/>\n\n\t\t\t\n\t\t\t<div class=\"elementor-form-fields-wrapper elementor-labels-above\">\n\t\t\t\t\t\t\t\t<div class=\"elementor-field-type-text elementor-field-group elementor-column elementor-field-group-name elementor-col-100 elementor-field-required elementor-mark-required\">\n\t\t\t\t\t\t\t\t\t\t\t\t<label for=\"form-field-name\" class=\"elementor-field-label\">\n\t\t\t\t\t\t\t\tFull name*\t\t\t\t\t\t\t<\/label>\n\t\t\t\t\t\t\t\t\t\t\t\t\t\t<input size=\"1\" type=\"text\" name=\"form_fields[name]\" id=\"form-field-name\" class=\"elementor-field elementor-size-sm  elementor-field-textual\" required=\"required\">\n\t\t\t\t\t\t\t\t\t\t\t<\/div>\n\t\t\t\t\t\t\t\t<div class=\"elementor-field-type-email elementor-field-group elementor-column elementor-field-group-field_e478d9e elementor-col-100 elementor-field-required elementor-mark-required\">\n\t\t\t\t\t\t\t\t\t\t\t\t<label for=\"form-field-field_e478d9e\" class=\"elementor-field-label\">\n\t\t\t\t\t\t\t\tEmail*\t\t\t\t\t\t\t<\/label>\n\t\t\t\t\t\t\t\t\t\t\t\t\t\t<input size=\"1\" type=\"email\" name=\"form_fields[field_e478d9e]\" id=\"form-field-field_e478d9e\" class=\"elementor-field elementor-size-sm  elementor-field-textual\" required=\"required\">\n\t\t\t\t\t\t\t\t\t\t\t<\/div>\n\t\t\t\t\t\t\t\t<div class=\"elementor-field-type-tel elementor-field-group elementor-column elementor-field-group-field_228c02d elementor-col-100 elementor-field-required elementor-mark-required\">\n\t\t\t\t\t\t\t\t\t\t\t\t<label for=\"form-field-field_228c02d\" class=\"elementor-field-label\">\n\t\t\t\t\t\t\t\tPhone\t\t\t\t\t\t\t<\/label>\n\t\t\t\t\t\t\t\t<input size=\"1\" type=\"tel\" name=\"form_fields[field_228c02d]\" id=\"form-field-field_228c02d\" class=\"elementor-field elementor-size-sm  elementor-field-textual\" required=\"required\" pattern=\"[0-9()#&amp;+*-=.]+\" title=\"Only numbers and phone characters (#, -, *, etc) are accepted.\">\n\n\t\t\t\t\t\t<\/div>\n\t\t\t\t\t\t\t\t<div class=\"elementor-field-type-date elementor-field-group elementor-column elementor-field-group-field_b4827e8 elementor-col-100 elementor-field-required elementor-mark-required\">\n\t\t\t\t\t\t\t\t\t\t\t\t<label for=\"form-field-field_b4827e8\" class=\"elementor-field-label\">\n\t\t\t\t\t\t\t\tInjury\/accident date*\t\t\t\t\t\t\t<\/label>\n\t\t\t\t\t\t\n\t\t<input type=\"date\" name=\"form_fields[field_b4827e8]\" id=\"form-field-field_b4827e8\" class=\"elementor-field elementor-size-sm  elementor-field-textual elementor-date-field\" required=\"required\" pattern=\"[0-9]{4}-[0-9]{2}-[0-9]{2}\">\n\t\t\t\t\t\t<\/div>\n\t\t\t\t\t\t\t\t<div class=\"elementor-field-type-textarea elementor-field-group elementor-column elementor-field-group-field_e770bfb elementor-col-100 elementor-field-required elementor-mark-required\">\n\t\t\t\t\t\t\t\t\t\t\t\t<label for=\"form-field-field_e770bfb\" class=\"elementor-field-label\">\n\t\t\t\t\t\t\t\tInjury\/accident description\t\t\t\t\t\t\t<\/label>\n\t\t\t\t\t\t<textarea class=\"elementor-field-textual elementor-field  elementor-size-sm\" name=\"form_fields[field_e770bfb]\" id=\"form-field-field_e770bfb\" rows=\"4\" required=\"required\"><\/textarea>\t\t\t\t<\/div>\n\t\t\t\t\t\t\t\t<div class=\"elementor-field-type-checkbox elementor-field-group elementor-column elementor-field-group-field_cb85d83 elementor-col-100\">\n\t\t\t\t\t<div class=\"elementor-field-subgroup\"><span class=\"elementor-field-option\"><input type=\"checkbox\" value=\"Acepto recibir mensajes &lt;strong&gt;SMS&lt;\/strong&gt; de &lt;strong&gt;KLAIMS COM LLC&lt;\/strong&gt; sobre el estado de mis reclamos. Entiendo que la frecuencia de mensajes puede variar. Pueden aplicar tarifas de mensajes y datos. Consulta nuestra &lt;a href=&quot;https:\/\/klaims.com\/politica-de-privacidad\/&quot; target=&quot;_blank&quot; rel=&quot;noopener noreferrer&quot; style=&quot;color:#3F843D;&quot;&gt;&lt;strong&gt;Pol\u00edtica de Privacidad&lt;\/strong&gt;&lt;\/a&gt; y &lt;a href=&quot;https:\/\/klaims.com\/terminos-y-condiciones\/&quot; target=&quot;_blank&quot; rel=&quot;noopener noreferrer&quot; style=&quot;color:#3F843D;&quot;&gt;&lt;strong&gt;T\u00e9rminos de Servicio&lt;\/strong&gt;&lt;\/a&gt;.\" id=\"form-field-field_cb85d83-0\" name=\"form_fields[field_cb85d83]\"> <label for=\"form-field-field_cb85d83-0\">I agree to receive <strong>SMS<\/strong> from <strong>KLAIMS COM LLC<\/strong> regarding the status of my claims. I understand that message frequency may vary. Message and data rates may apply. <a href=\"https:\/\/klaims.com\/en\/politica-de-privacidad\/\" target=\"_blank\" rel=\"noopener noreferrer\" style=\"color:#3F843D;\"><strong>Privacy Policy<\/strong><\/a> and <a href=\"https:\/\/klaims.com\/en\/terminos-y-condiciones\/\" target=\"_blank\" rel=\"noopener noreferrer\" style=\"color:#3F843D;\"><strong>Terms of Service.<\/strong><\/a>.<\/label><\/span><\/div>\t\t\t\t<\/div>\n\t\t\t\t\t\t\t\t<div class=\"elementor-field-type-recaptcha_v3 elementor-field-group elementor-column elementor-field-group-field_067a474 elementor-col-100 recaptcha_v3-bottomright\">\n\t\t\t\t\t<div class=\"elementor-field\" id=\"form-field-field_067a474\"><div class=\"elementor-g-recaptcha\" data-sitekey=\"6LdnSMksAAAAACqTqNPzayxP0Kz2Ra6Gz4upzF69\" data-type=\"v3\" data-action=\"Form\" data-badge=\"bottomright\" data-size=\"invisible\"><\/div><\/div>\t\t\t\t<\/div>\n\t\t\t\t\t\t\t\t<div class=\"elementor-field-group elementor-column elementor-field-type-submit elementor-col-30 e-form__buttons\">\n\t\t\t\t\t<button class=\"elementor-button elementor-size-md\" type=\"submit\">\n\t\t\t\t\t\t<span class=\"elementor-button-content-wrapper\">\n\t\t\t\t\t\t\t\t\t\t\t\t\t\t\t\t\t\t\t\t\t\t<span class=\"elementor-button-text\">Submit<\/span>\n\t\t\t\t\t\t\t\t\t\t\t\t\t<\/span>\n\t\t\t\t\t<\/button>\n\t\t\t\t<\/div>\n\t\t\t<\/div>\n\t\t<input type=\"hidden\" name=\"trp-form-language\" value=\"en\"\/><\/form>\n\t\t\t\t\t\t<\/div>\n\t\t\t\t\t<\/div>\n\t\t\t\t<\/div>\n\t\t\t\t<\/div>","protected":false},"excerpt":{"rendered":"<p>Formulario de consulta de casos \u00bfUsted o alg\u00fan familiar ha sido v\u00edctima de una lesi\u00f3n o muerte por negligencia? Cont\u00e1ctenos ahora para una consulta.<\/p>","protected":false},"author":1,"featured_media":0,"parent":0,"menu_order":0,"comment_status":"closed","ping_status":"closed","template":"","meta":{"inline_featured_image":false,"footnotes":""},"class_list":["post-1747","page","type-page","status-publish","hentry"],"yoast_head":"<!-- This site is optimized with the Yoast SEO plugin v26.8 - https:\/\/yoast.com\/product\/yoast-seo-wordpress\/ -->\n<title>formulario - KLAIMS.COM, EL CAMINO M\u00c1S R\u00c1PIDO A TU COMPENSACI\u00d3N<\/title>\n<meta name=\"robots\" content=\"index, follow, max-snippet:-1, max-image-preview:large, max-video-preview:-1\" \/>\n<link rel=\"canonical\" href=\"https:\/\/klaims.com\/en\/formulario-2\/\" \/>\n<meta property=\"og:locale\" content=\"en_US\" \/>\n<meta property=\"og:type\" content=\"article\" \/>\n<meta property=\"og:title\" content=\"formulario - KLAIMS.COM, EL CAMINO M\u00c1S R\u00c1PIDO A TU COMPENSACI\u00d3N\" \/>\n<meta property=\"og:description\" content=\"Formulario de consulta de casos \u00bfUsted o alg\u00fan familiar ha sido v\u00edctima de una lesi\u00f3n o muerte por negligencia? Cont\u00e1ctenos ahora para una consulta.\" \/>\n<meta property=\"og:url\" content=\"https:\/\/klaims.com\/en\/formulario-2\/\" \/>\n<meta property=\"og:site_name\" content=\"KLAIMS.COM, EL CAMINO M\u00c1S R\u00c1PIDO A TU COMPENSACI\u00d3N\" \/>\n<meta property=\"article:modified_time\" content=\"2026-04-25T05:50:38+00:00\" \/>\n<meta name=\"twitter:card\" content=\"summary_large_image\" \/>\n<meta name=\"twitter:label1\" content=\"Est. reading time\" \/>\n\t<meta name=\"twitter:data1\" content=\"1 minute\" \/>\n<script type=\"application\/ld+json\" class=\"yoast-schema-graph\">{\"@context\":\"https:\/\/schema.org\",\"@graph\":[{\"@type\":\"WebPage\",\"@id\":\"https:\/\/klaims.com\/formulario-2\/\",\"url\":\"https:\/\/klaims.com\/formulario-2\/\",\"name\":\"formulario - KLAIMS.COM, EL CAMINO M\u00c1S R\u00c1PIDO A TU COMPENSACI\u00d3N\",\"isPartOf\":{\"@id\":\"https:\/\/klaims.com\/#website\"},\"datePublished\":\"2025-10-16T13:37:58+00:00\",\"dateModified\":\"2026-04-25T05:50:38+00:00\",\"breadcrumb\":{\"@id\":\"https:\/\/klaims.com\/formulario-2\/#breadcrumb\"},\"inLanguage\":\"en-US\",\"potentialAction\":[{\"@type\":\"ReadAction\",\"target\":[\"https:\/\/klaims.com\/formulario-2\/\"]}]},{\"@type\":\"BreadcrumbList\",\"@id\":\"https:\/\/klaims.com\/formulario-2\/#breadcrumb\",\"itemListElement\":[{\"@type\":\"ListItem\",\"position\":1,\"name\":\"Portada\",\"item\":\"https:\/\/klaims.com\/\"},{\"@type\":\"ListItem\",\"position\":2,\"name\":\"formulario\"}]},{\"@type\":\"WebSite\",\"@id\":\"https:\/\/klaims.com\/#website\",\"url\":\"https:\/\/klaims.com\/\",\"name\":\"KLAIMS.COM, EL CAMINO M\u00c1S R\u00c1PIDO A TU COMPENSACI\u00d3N\",\"description\":\"\",\"potentialAction\":[{\"@type\":\"SearchAction\",\"target\":{\"@type\":\"EntryPoint\",\"urlTemplate\":\"https:\/\/klaims.com\/?s={search_term_string}\"},\"query-input\":{\"@type\":\"PropertyValueSpecification\",\"valueRequired\":true,\"valueName\":\"search_term_string\"}}],\"inLanguage\":\"en-US\"}]}<\/script>\n<!-- \/ Yoast SEO plugin. -->","yoast_head_json":{"title":"formulario - KLAIMS.COM, EL CAMINO M\u00c1S R\u00c1PIDO A TU COMPENSACI\u00d3N","robots":{"index":"index","follow":"follow","max-snippet":"max-snippet:-1","max-image-preview":"max-image-preview:large","max-video-preview":"max-video-preview:-1"},"canonical":"https:\/\/klaims.com\/en\/formulario-2\/","og_locale":"en_US","og_type":"article","og_title":"formulario - KLAIMS.COM, EL CAMINO M\u00c1S R\u00c1PIDO A TU COMPENSACI\u00d3N","og_description":"Formulario de consulta de casos \u00bfUsted o alg\u00fan familiar ha sido v\u00edctima de una lesi\u00f3n o muerte por negligencia? Cont\u00e1ctenos ahora para una consulta.","og_url":"https:\/\/klaims.com\/en\/formulario-2\/","og_site_name":"KLAIMS.COM, EL CAMINO M\u00c1S R\u00c1PIDO A TU COMPENSACI\u00d3N","article_modified_time":"2026-04-25T05:50:38+00:00","twitter_card":"summary_large_image","twitter_misc":{"Est. reading time":"1 minute"},"schema":{"@context":"https:\/\/schema.org","@graph":[{"@type":"WebPage","@id":"https:\/\/klaims.com\/formulario-2\/","url":"https:\/\/klaims.com\/formulario-2\/","name":"formulario - KLAIMS.COM, EL CAMINO M\u00c1S R\u00c1PIDO A TU COMPENSACI\u00d3N","isPartOf":{"@id":"https:\/\/klaims.com\/#website"},"datePublished":"2025-10-16T13:37:58+00:00","dateModified":"2026-04-25T05:50:38+00:00","breadcrumb":{"@id":"https:\/\/klaims.com\/formulario-2\/#breadcrumb"},"inLanguage":"en-US","potentialAction":[{"@type":"ReadAction","target":["https:\/\/klaims.com\/formulario-2\/"]}]},{"@type":"BreadcrumbList","@id":"https:\/\/klaims.com\/formulario-2\/#breadcrumb","itemListElement":[{"@type":"ListItem","position":1,"name":"Portada","item":"https:\/\/klaims.com\/"},{"@type":"ListItem","position":2,"name":"formulario"}]},{"@type":"WebSite","@id":"https:\/\/klaims.com\/#website","url":"https:\/\/klaims.com\/","name":"KLAIMS.COM, EL CAMINO M\u00c1S R\u00c1PIDO A TU COMPENSACI\u00d3N","description":"","potentialAction":[{"@type":"SearchAction","target":{"@type":"EntryPoint","urlTemplate":"https:\/\/klaims.com\/?s={search_term_string}"},"query-input":{"@type":"PropertyValueSpecification","valueRequired":true,"valueName":"search_term_string"}}],"inLanguage":"en-US"}]}},"_links":{"self":[{"href":"https:\/\/klaims.com\/en\/wp-json\/wp\/v2\/pages\/1747","targetHints":{"allow":["GET"]}}],"collection":[{"href":"https:\/\/klaims.com\/en\/wp-json\/wp\/v2\/pages"}],"about":[{"href":"https:\/\/klaims.com\/en\/wp-json\/wp\/v2\/types\/page"}],"author":[{"embeddable":true,"href":"https:\/\/klaims.com\/en\/wp-json\/wp\/v2\/users\/1"}],"replies":[{"embeddable":true,"href":"https:\/\/klaims.com\/en\/wp-json\/wp\/v2\/comments?post=1747"}],"version-history":[{"count":49,"href":"https:\/\/klaims.com\/en\/wp-json\/wp\/v2\/pages\/1747\/revisions"}],"predecessor-version":[{"id":2281,"href":"https:\/\/klaims.com\/en\/wp-json\/wp\/v2\/pages\/1747\/revisions\/2281"}],"wp:attachment":[{"href":"https:\/\/klaims.com\/en\/wp-json\/wp\/v2\/media?parent=1747"}],"curies":[{"name":"wp","href":"https:\/\/api.w.org\/{rel}","templated":true}]}}