{"id":1601,"date":"2025-10-09T19:37:48","date_gmt":"2025-10-09T19:37:48","guid":{"rendered":"https:\/\/klaims.com\/?page_id=1601"},"modified":"2026-04-06T18:27:38","modified_gmt":"2026-04-06T18:27:38","slug":"responsabilidad-civil-y-otros-incidentes","status":"publish","type":"page","link":"https:\/\/klaims.com\/en\/responsabilidad-civil-y-otros-incidentes\/","title":{"rendered":"Civil Liability and Other Incidents"},"content":{"rendered":"<div data-elementor-type=\"wp-page\" data-elementor-id=\"1601\" class=\"elementor elementor-1601\" data-elementor-post-type=\"page\">\n\t\t\t\t<div class=\"elementor-element elementor-element-0b02c68 e-flex e-con-boxed e-con e-parent\" data-id=\"0b02c68\" data-element_type=\"container\" data-settings=\"{&quot;background_background&quot;:&quot;classic&quot;}\">\n\t\t\t\t\t<div class=\"e-con-inner\">\n\t\t\t\t<div class=\"elementor-element elementor-element-3a6b92a elementor-align-center elementor-widget elementor-widget-button\" data-id=\"3a6b92a\" data-element_type=\"widget\" data-widget_type=\"button.default\">\n\t\t\t\t\t\t\t\t\t\t<a class=\"elementor-button elementor-button-link elementor-size-sm\" href=\"#\">\n\t\t\t\t\t\t<span class=\"elementor-button-content-wrapper\">\n\t\t\t\t\t\t\t\t\t<span class=\"elementor-button-text\">YOUR BRIDGE TO COMPENSATION<\/span>\n\t\t\t\t\t<\/span>\n\t\t\t\t\t<\/a>\n\t\t\t\t\t\t\t\t<\/div>\n\t\t\t\t<div class=\"elementor-element elementor-element-ec213db elementor-widget elementor-widget-heading\" data-id=\"ec213db\" data-element_type=\"widget\" data-widget_type=\"heading.default\">\n\t\t\t\t\t<h2 class=\"elementor-heading-title elementor-size-default\">Civil Liability and Other Incidents<\/h2>\t\t\t\t<\/div>\n\t\t\t\t<div class=\"elementor-element elementor-element-e12afee elementor-widget elementor-widget-html\" data-id=\"e12afee\" data-element_type=\"widget\" data-widget_type=\"html.default\">\n\t\t\t\t\t<div class=\"kb-wrap\">\r\n  <nav class=\"klaims-breadcrumb\" aria-label=\"breadcrumb\">\r\n    <!-- Breadcrumb SEO v\u00e1lido y centrado -->\r\n    <ol itemscope itemtype=\"https:\/\/schema.org\/BreadcrumbList\" class=\"kb-list\">\r\n      <li itemprop=\"itemListElement\" itemscope itemtype=\"https:\/\/schema.org\/ListItem\" class=\"kb-item\">\r\n        <strong class=\"kb-strong\"><span itemprop=\"name\">Common Cases<\/span><\/strong>\r\n        <meta itemprop=\"position\" content=\"1\" \/>\r\n        <span class=\"sep\" aria-hidden=\"true\">\/<\/span>\r\n      <\/li>\r\n      <li itemprop=\"itemListElement\" itemscope itemtype=\"https:\/\/schema.org\/ListItem\" class=\"kb-item\">\r\n        <span itemprop=\"name\" aria-current=\"page\">Civil Liability and Other Incidents<\/span>\r\n        <meta itemprop=\"position\" content=\"2\" \/>\r\n      <\/li>\r\n    <\/ol>\r\n\r\n    <!-- Opciones centradas con separadores en forma de punto -->\r\n    <ul class=\"kb-cases\" aria-label=\"Tipos de casos\">\r\n      <li>\r\n        <a class=\"kb-link\" href=\"https:\/\/klaims.com\/en\/areas-de-referencia\/otros\/Casos-comunes-de-responsabilidad-civil\/\">\r\n          Common Civil Liability Cases\r\n        <\/a>\r\n      <\/li>\r\n    <\/ul>\r\n  <\/nav>\r\n<\/div>\r\n\r\n<style>\r\n@import url(\"https:\/\/fonts.googleapis.com\/css2?family=Montserrat:wght@400;700&display=swap\");\r\n\r\n:root{\r\n  --brand-blue:#123164;   \/* azul base *\/\r\n  --brand-green:#68BA66;  \/* verde de marca (hover) *\/\r\n}\r\n\r\n.kb-wrap{display:flex;justify-content:center;width:100%;}\r\n.klaims-breadcrumb{\r\n  font-family:\"Montserrat\",sans-serif;\r\n  width:100%;max-width:1100px;padding:.25rem .5rem;text-align:center;\r\n}\r\n\r\n\/* Breadcrumb centrado *\/\r\n.kb-list{\r\n  margin:0;padding:0;list-style:none;\r\n  display:flex;justify-content:center;align-items:center;gap:.35rem;flex-wrap:wrap;\r\n}\r\n.kb-item{display:flex;align-items:center;gap:.35rem;color:var(--brand-blue);}\r\n.kb-strong{color:var(--brand-blue);font-weight:700;}\r\n.sep{color:#94a3b8;opacity:.9}\r\n\r\n\/* L\u00ednea de categor\u00edas centrada con punto visible *\/\r\n.kb-cases{\r\n  margin:.5rem 0 0; padding:0; list-style:none;\r\n  display:flex; flex-wrap:wrap; justify-content:center; gap:.25rem;\r\n}\r\n.kb-cases li{display:inline-flex; align-items:center;}\r\n.kb-cases li:not(:last-child)::after{\r\n  content:\"\";\r\n  display:inline-block;\r\n  width:8px; height:8px; border-radius:50%;\r\n  background:var(--brand-blue);\r\n  margin:0 .5rem;\r\n  vertical-align:middle;\r\n}\r\n\r\n\/* Enlaces: subrayado permanente + hover verde *\/\r\n.kb-link{\r\n  color:var(--brand-blue);\r\n  font-weight:600;\r\n  text-decoration:underline;\r\n  text-underline-offset: 2px;\r\n  text-decoration-thickness: 2px;\r\n}\r\n.kb-link:hover{ color:var(--brand-green); }\r\n.kb-link:focus-visible{\r\n  color:var(--brand-green);\r\n  outline:none;\r\n  box-shadow:0 0 0 3px rgba(104,186,102,.25);\r\n  border-radius:.25rem;\r\n}\r\n\r\n\/* Responsive para pantallas peque\u00f1as *\/\r\n@media (max-width:480px){\r\n  .kb-cases li:not(:last-child)::after{\r\n    width:6px; height:6px; margin:0 .4rem;\r\n  }\r\n}\r\n<\/style>\r\n\t\t\t\t<\/div>\n\t\t\t\t\t<\/div>\n\t\t\t\t<\/div>\n\t\t<div class=\"elementor-element elementor-element-a4f61bc e-con-full e-flex e-con e-parent\" data-id=\"a4f61bc\" data-element_type=\"container\" data-settings=\"{&quot;background_background&quot;:&quot;classic&quot;}\">\n\t\t<div class=\"elementor-element elementor-element-6424052 e-con-full e-flex e-con e-child\" data-id=\"6424052\" data-element_type=\"container\" data-settings=\"{&quot;background_background&quot;:&quot;classic&quot;}\">\n\t\t\t\t<div class=\"elementor-element elementor-element-416ce90 elementor-widget elementor-widget-heading\" data-id=\"416ce90\" data-element_type=\"widget\" data-widget_type=\"heading.default\">\n\t\t\t\t\t<h2 class=\"elementor-heading-title elementor-size-default\">Case Inquiry Form\n<\/h2>\t\t\t\t<\/div>\n\t\t\t\t<div class=\"elementor-element elementor-element-a830211 elementor-widget elementor-widget-text-editor\" data-id=\"a830211\" data-element_type=\"widget\" data-widget_type=\"text-editor.default\">\n\t\t\t\t\t\t\t\t\t<p>Have you or a loved one been the victim of an injury or wrongful death due to negligence? Contact us now for a consultation.<\/p>\t\t\t\t\t\t\t\t<\/div>\n\t\t\t\t<div class=\"elementor-element elementor-element-d3db3ff elementor-button-align-stretch elementor-widget elementor-widget-global elementor-global-1771 elementor-widget-form\" data-id=\"d3db3ff\" data-element_type=\"widget\" data-settings=\"{&quot;step_next_label&quot;:&quot;Next&quot;,&quot;step_previous_label&quot;:&quot;Previous&quot;,&quot;button_width&quot;:&quot;30&quot;,&quot;step_type&quot;:&quot;number_text&quot;,&quot;step_icon_shape&quot;:&quot;circle&quot;}\" data-widget_type=\"form.default\">\n\t\t\t\t\t\t\t<form class=\"elementor-form\" method=\"post\" name=\"New Form\" aria-label=\"New Form\" action=\"\">\n\t\t\t<input type=\"hidden\" name=\"post_id\" value=\"1601\"\/>\n\t\t\t<input type=\"hidden\" name=\"form_id\" value=\"d3db3ff\"\/>\n\t\t\t<input type=\"hidden\" name=\"referer_title\" value=\"KLAIMS.COM, EL CAMINO M\u00c1S R\u00c1PIDO A TU COMPENSACI\u00d3N\" \/>\n\n\t\t\t\n\t\t\t<div class=\"elementor-form-fields-wrapper elementor-labels-above\">\n\t\t\t\t\t\t\t\t<div class=\"elementor-field-type-text elementor-field-group elementor-column elementor-field-group-name elementor-col-100 elementor-field-required elementor-mark-required\">\n\t\t\t\t\t\t\t\t\t\t\t\t<label for=\"form-field-name\" class=\"elementor-field-label\">\n\t\t\t\t\t\t\t\tFull name*\t\t\t\t\t\t\t<\/label>\n\t\t\t\t\t\t\t\t\t\t\t\t\t\t<input size=\"1\" type=\"text\" name=\"form_fields[name]\" id=\"form-field-name\" class=\"elementor-field elementor-size-sm  elementor-field-textual\" required=\"required\">\n\t\t\t\t\t\t\t\t\t\t\t<\/div>\n\t\t\t\t\t\t\t\t<div class=\"elementor-field-type-email elementor-field-group elementor-column elementor-field-group-field_e478d9e elementor-col-100 elementor-field-required elementor-mark-required\">\n\t\t\t\t\t\t\t\t\t\t\t\t<label for=\"form-field-field_e478d9e\" class=\"elementor-field-label\">\n\t\t\t\t\t\t\t\tEmail*\t\t\t\t\t\t\t<\/label>\n\t\t\t\t\t\t\t\t\t\t\t\t\t\t<input size=\"1\" type=\"email\" name=\"form_fields[field_e478d9e]\" id=\"form-field-field_e478d9e\" class=\"elementor-field elementor-size-sm  elementor-field-textual\" required=\"required\">\n\t\t\t\t\t\t\t\t\t\t\t<\/div>\n\t\t\t\t\t\t\t\t<div class=\"elementor-field-type-tel elementor-field-group elementor-column elementor-field-group-field_228c02d elementor-col-100 elementor-field-required elementor-mark-required\">\n\t\t\t\t\t\t\t\t\t\t\t\t<label for=\"form-field-field_228c02d\" class=\"elementor-field-label\">\n\t\t\t\t\t\t\t\tPhone\t\t\t\t\t\t\t<\/label>\n\t\t\t\t\t\t\t\t<input size=\"1\" type=\"tel\" name=\"form_fields[field_228c02d]\" id=\"form-field-field_228c02d\" class=\"elementor-field elementor-size-sm  elementor-field-textual\" required=\"required\" pattern=\"[0-9()#&amp;+*-=.]+\" title=\"Only numbers and phone characters (#, -, *, etc) are accepted.\">\n\n\t\t\t\t\t\t<\/div>\n\t\t\t\t\t\t\t\t<div class=\"elementor-field-type-date elementor-field-group elementor-column elementor-field-group-field_b4827e8 elementor-col-100 elementor-field-required elementor-mark-required\">\n\t\t\t\t\t\t\t\t\t\t\t\t<label for=\"form-field-field_b4827e8\" class=\"elementor-field-label\">\n\t\t\t\t\t\t\t\tInjury\/accident date*\t\t\t\t\t\t\t<\/label>\n\t\t\t\t\t\t\n\t\t<input type=\"date\" name=\"form_fields[field_b4827e8]\" id=\"form-field-field_b4827e8\" class=\"elementor-field elementor-size-sm  elementor-field-textual elementor-date-field\" required=\"required\" pattern=\"[0-9]{4}-[0-9]{2}-[0-9]{2}\">\n\t\t\t\t\t\t<\/div>\n\t\t\t\t\t\t\t\t<div class=\"elementor-field-type-textarea elementor-field-group elementor-column elementor-field-group-field_e770bfb elementor-col-100 elementor-field-required elementor-mark-required\">\n\t\t\t\t\t\t\t\t\t\t\t\t<label for=\"form-field-field_e770bfb\" class=\"elementor-field-label\">\n\t\t\t\t\t\t\t\tInjury\/accident description\t\t\t\t\t\t\t<\/label>\n\t\t\t\t\t\t<textarea class=\"elementor-field-textual elementor-field  elementor-size-sm\" name=\"form_fields[field_e770bfb]\" id=\"form-field-field_e770bfb\" rows=\"4\" required=\"required\"><\/textarea>\t\t\t\t<\/div>\n\t\t\t\t\t\t\t\t<div class=\"elementor-field-type-checkbox elementor-field-group elementor-column elementor-field-group-field_cb85d83 elementor-col-100\">\n\t\t\t\t\t<div class=\"elementor-field-subgroup\"><span class=\"elementor-field-option\"><input type=\"checkbox\" value=\"Acepto recibir mensajes &lt;strong&gt;SMS&lt;\/strong&gt; de &lt;strong&gt;KLAIMS COM LLC&lt;\/strong&gt; sobre el estado de mis reclamos. Entiendo que la frecuencia de mensajes puede variar. Pueden aplicar tarifas de mensajes y datos. Consulta nuestra &lt;a href=&quot;https:\/\/klaims.com\/politica-de-privacidad\/&quot; target=&quot;_blank&quot; rel=&quot;noopener noreferrer&quot; style=&quot;color:#3F843D;&quot;&gt;&lt;strong&gt;Pol\u00edtica de Privacidad&lt;\/strong&gt;&lt;\/a&gt; y &lt;a href=&quot;https:\/\/klaims.com\/terminos-y-condiciones\/&quot; target=&quot;_blank&quot; rel=&quot;noopener noreferrer&quot; style=&quot;color:#3F843D;&quot;&gt;&lt;strong&gt;T\u00e9rminos de Servicio&lt;\/strong&gt;&lt;\/a&gt;.\" id=\"form-field-field_cb85d83-0\" name=\"form_fields[field_cb85d83]\"> <label for=\"form-field-field_cb85d83-0\">I agree to receive <strong>SMS<\/strong> from <strong>KLAIMS COM LLC<\/strong> regarding the status of my claims. I understand that message frequency may vary. Message and data rates may apply. <a href=\"https:\/\/klaims.com\/en\/politica-de-privacidad\/\" target=\"_blank\" rel=\"noopener noreferrer\" style=\"color:#3F843D;\"><strong>Privacy Policy<\/strong><\/a> and <a href=\"https:\/\/klaims.com\/en\/terminos-y-condiciones\/\" target=\"_blank\" rel=\"noopener noreferrer\" style=\"color:#3F843D;\"><strong>Terms of Service.<\/strong><\/a>.<\/label><\/span><\/div>\t\t\t\t<\/div>\n\t\t\t\t\t\t\t\t<div class=\"elementor-field-type-recaptcha_v3 elementor-field-group elementor-column elementor-field-group-field_067a474 elementor-col-100 recaptcha_v3-bottomright\">\n\t\t\t\t\t<div class=\"elementor-field\" id=\"form-field-field_067a474\"><div class=\"elementor-g-recaptcha\" data-sitekey=\"6LdnSMksAAAAACqTqNPzayxP0Kz2Ra6Gz4upzF69\" data-type=\"v3\" data-action=\"Form\" data-badge=\"bottomright\" data-size=\"invisible\"><\/div><\/div>\t\t\t\t<\/div>\n\t\t\t\t\t\t\t\t<div class=\"elementor-field-group elementor-column elementor-field-type-submit elementor-col-30 e-form__buttons\">\n\t\t\t\t\t<button class=\"elementor-button elementor-size-md\" type=\"submit\">\n\t\t\t\t\t\t<span class=\"elementor-button-content-wrapper\">\n\t\t\t\t\t\t\t\t\t\t\t\t\t\t\t\t\t\t\t\t\t\t<span class=\"elementor-button-text\">Submit<\/span>\n\t\t\t\t\t\t\t\t\t\t\t\t\t<\/span>\n\t\t\t\t\t<\/button>\n\t\t\t\t<\/div>\n\t\t\t<\/div>\n\t\t<input type=\"hidden\" name=\"trp-form-language\" value=\"en\"\/><\/form>\n\t\t\t\t\t\t<\/div>\n\t\t\t\t<\/div>\n\t\t<div class=\"elementor-element elementor-element-5c7ec3e e-con-full e-flex e-con e-child\" data-id=\"5c7ec3e\" data-element_type=\"container\">\n\t\t\t\t<div class=\"elementor-element elementor-element-a0f47ff elementor-widget__width-initial elementor-widget elementor-widget-text-editor\" data-id=\"a0f47ff\" data-element_type=\"widget\" data-widget_type=\"text-editor.default\">\n\t\t\t\t\t\t\t\t\t<p>We also handle a wide range of legal situations where an individual or company may be held responsible for harm caused to others.<\/p><p>Our consultants connect you with lawyers specialized in civil liability, ready to pursue the fair compensation you deserve in cases of negligence, recklessness, or breach of duty.<\/p>\t\t\t\t\t\t\t\t<\/div>\n\t\t\t\t<div class=\"elementor-element elementor-element-564e137 elementor-widget elementor-widget-image\" data-id=\"564e137\" data-element_type=\"widget\" data-widget_type=\"image.default\">\n\t\t\t\t\t\t\t\t\t\t\t\t\t\t\t<img fetchpriority=\"high\" decoding=\"async\" width=\"800\" height=\"534\" src=\"https:\/\/klaims.com\/wp-content\/uploads\/2026\/04\/lying-electric-scooter-sharing-wet-ground-cloudy-weather-bucharest-romania.jpg-1024x683.jpeg\" class=\"attachment-large size-large wp-image-2273\" alt=\"\" srcset=\"https:\/\/klaims.com\/wp-content\/uploads\/2026\/04\/lying-electric-scooter-sharing-wet-ground-cloudy-weather-bucharest-romania.jpg-1024x683.jpeg 1024w, https:\/\/klaims.com\/wp-content\/uploads\/2026\/04\/lying-electric-scooter-sharing-wet-ground-cloudy-weather-bucharest-romania.jpg-300x200.jpeg 300w, https:\/\/klaims.com\/wp-content\/uploads\/2026\/04\/lying-electric-scooter-sharing-wet-ground-cloudy-weather-bucharest-romania.jpg-768x512.jpeg 768w, https:\/\/klaims.com\/wp-content\/uploads\/2026\/04\/lying-electric-scooter-sharing-wet-ground-cloudy-weather-bucharest-romania.jpg-1536x1024.jpeg 1536w, https:\/\/klaims.com\/wp-content\/uploads\/2026\/04\/lying-electric-scooter-sharing-wet-ground-cloudy-weather-bucharest-romania.jpg-2048x1365.jpeg 2048w, https:\/\/klaims.com\/wp-content\/uploads\/2026\/04\/lying-electric-scooter-sharing-wet-ground-cloudy-weather-bucharest-romania.jpg-18x12.jpeg 18w\" sizes=\"(max-width: 800px) 100vw, 800px\" \/>\t\t\t\t\t\t\t\t\t\t\t\t\t\t\t<\/div>\n\t\t\t\t<\/div>\n\t\t\t\t<\/div>\n\t\t\t\t<\/div>","protected":false},"excerpt":{"rendered":"<p>Tu puente hacia la compensaci\u00f3n Responsabilidad Civil y Otros Incidentes Casos m\u00e1s comunes \/ Responsabilidad Civil y Otros Incidentes Casos comunes de responsabilidad civil Formulario de consulta de casos \u00bfUsted o alg\u00fan familiar ha sido v\u00edctima de una lesi\u00f3n o muerte por negligencia? Cont\u00e1ctenos ahora para una consulta. Tambi\u00e9n atendemos una amplia gama de situaciones [&hellip;]<\/p>","protected":false},"author":1,"featured_media":0,"parent":0,"menu_order":0,"comment_status":"closed","ping_status":"closed","template":"","meta":{"inline_featured_image":false,"footnotes":""},"class_list":["post-1601","page","type-page","status-publish","hentry"],"yoast_head":"<!-- This site is optimized with the Yoast SEO plugin v26.8 - https:\/\/yoast.com\/product\/yoast-seo-wordpress\/ -->\n<title>Responsabilidad Civil y Otros Incidentes - KLAIMS.COM, EL CAMINO M\u00c1S R\u00c1PIDO A TU COMPENSACI\u00d3N<\/title>\n<meta name=\"robots\" content=\"index, follow, max-snippet:-1, max-image-preview:large, max-video-preview:-1\" \/>\n<link rel=\"canonical\" href=\"https:\/\/klaims.com\/en\/responsabilidad-civil-y-otros-incidentes\/\" \/>\n<meta property=\"og:locale\" content=\"en_US\" \/>\n<meta property=\"og:type\" content=\"article\" \/>\n<meta property=\"og:title\" content=\"Responsabilidad Civil y Otros Incidentes - KLAIMS.COM, EL CAMINO M\u00c1S R\u00c1PIDO A TU COMPENSACI\u00d3N\" \/>\n<meta property=\"og:description\" content=\"Tu puente hacia la compensaci\u00f3n Responsabilidad Civil y Otros Incidentes Casos m\u00e1s comunes \/ Responsabilidad Civil y Otros Incidentes Casos comunes de responsabilidad civil Formulario de consulta de casos \u00bfUsted o alg\u00fan familiar ha sido v\u00edctima de una lesi\u00f3n o muerte por negligencia? Cont\u00e1ctenos ahora para una consulta. Tambi\u00e9n atendemos una amplia gama de situaciones [&hellip;]\" \/>\n<meta property=\"og:url\" content=\"https:\/\/klaims.com\/en\/responsabilidad-civil-y-otros-incidentes\/\" \/>\n<meta property=\"og:site_name\" content=\"KLAIMS.COM, EL CAMINO M\u00c1S R\u00c1PIDO A TU COMPENSACI\u00d3N\" \/>\n<meta property=\"article:modified_time\" content=\"2026-04-06T18:27:38+00:00\" \/>\n<meta property=\"og:image\" content=\"https:\/\/klaims.com\/wp-content\/uploads\/2026\/04\/lying-electric-scooter-sharing-wet-ground-cloudy-weather-bucharest-romania.jpg-1024x683.jpeg\" \/>\n<meta name=\"twitter:card\" content=\"summary_large_image\" \/>\n<meta name=\"twitter:label1\" content=\"Est. reading time\" \/>\n\t<meta name=\"twitter:data1\" content=\"2 minutes\" \/>\n<script type=\"application\/ld+json\" class=\"yoast-schema-graph\">{\"@context\":\"https:\/\/schema.org\",\"@graph\":[{\"@type\":\"WebPage\",\"@id\":\"https:\/\/klaims.com\/responsabilidad-civil-y-otros-incidentes\/\",\"url\":\"https:\/\/klaims.com\/responsabilidad-civil-y-otros-incidentes\/\",\"name\":\"Responsabilidad Civil y Otros Incidentes - KLAIMS.COM, EL CAMINO M\u00c1S R\u00c1PIDO A TU COMPENSACI\u00d3N\",\"isPartOf\":{\"@id\":\"https:\/\/klaims.com\/#website\"},\"primaryImageOfPage\":{\"@id\":\"https:\/\/klaims.com\/responsabilidad-civil-y-otros-incidentes\/#primaryimage\"},\"image\":{\"@id\":\"https:\/\/klaims.com\/responsabilidad-civil-y-otros-incidentes\/#primaryimage\"},\"thumbnailUrl\":\"https:\/\/klaims.com\/wp-content\/uploads\/2026\/04\/lying-electric-scooter-sharing-wet-ground-cloudy-weather-bucharest-romania.jpg-1024x683.jpeg\",\"datePublished\":\"2025-10-09T19:37:48+00:00\",\"dateModified\":\"2026-04-06T18:27:38+00:00\",\"breadcrumb\":{\"@id\":\"https:\/\/klaims.com\/responsabilidad-civil-y-otros-incidentes\/#breadcrumb\"},\"inLanguage\":\"en-US\",\"potentialAction\":[{\"@type\":\"ReadAction\",\"target\":[\"https:\/\/klaims.com\/responsabilidad-civil-y-otros-incidentes\/\"]}]},{\"@type\":\"ImageObject\",\"inLanguage\":\"en-US\",\"@id\":\"https:\/\/klaims.com\/responsabilidad-civil-y-otros-incidentes\/#primaryimage\",\"url\":\"https:\/\/klaims.com\/wp-content\/uploads\/2026\/04\/lying-electric-scooter-sharing-wet-ground-cloudy-weather-bucharest-romania.jpg-1024x683.jpeg\",\"contentUrl\":\"https:\/\/klaims.com\/wp-content\/uploads\/2026\/04\/lying-electric-scooter-sharing-wet-ground-cloudy-weather-bucharest-romania.jpg-1024x683.jpeg\"},{\"@type\":\"BreadcrumbList\",\"@id\":\"https:\/\/klaims.com\/responsabilidad-civil-y-otros-incidentes\/#breadcrumb\",\"itemListElement\":[{\"@type\":\"ListItem\",\"position\":1,\"name\":\"Portada\",\"item\":\"https:\/\/klaims.com\/\"},{\"@type\":\"ListItem\",\"position\":2,\"name\":\"Responsabilidad Civil y Otros Incidentes\"}]},{\"@type\":\"WebSite\",\"@id\":\"https:\/\/klaims.com\/#website\",\"url\":\"https:\/\/klaims.com\/\",\"name\":\"KLAIMS.COM, EL CAMINO M\u00c1S R\u00c1PIDO A TU COMPENSACI\u00d3N\",\"description\":\"\",\"potentialAction\":[{\"@type\":\"SearchAction\",\"target\":{\"@type\":\"EntryPoint\",\"urlTemplate\":\"https:\/\/klaims.com\/?s={search_term_string}\"},\"query-input\":{\"@type\":\"PropertyValueSpecification\",\"valueRequired\":true,\"valueName\":\"search_term_string\"}}],\"inLanguage\":\"en-US\"}]}<\/script>\n<!-- \/ Yoast SEO plugin. -->","yoast_head_json":{"title":"Responsabilidad Civil y Otros Incidentes - KLAIMS.COM, EL CAMINO M\u00c1S R\u00c1PIDO A TU COMPENSACI\u00d3N","robots":{"index":"index","follow":"follow","max-snippet":"max-snippet:-1","max-image-preview":"max-image-preview:large","max-video-preview":"max-video-preview:-1"},"canonical":"https:\/\/klaims.com\/en\/responsabilidad-civil-y-otros-incidentes\/","og_locale":"en_US","og_type":"article","og_title":"Responsabilidad Civil y Otros Incidentes - KLAIMS.COM, EL CAMINO M\u00c1S R\u00c1PIDO A TU COMPENSACI\u00d3N","og_description":"Tu puente hacia la compensaci\u00f3n Responsabilidad Civil y Otros Incidentes Casos m\u00e1s comunes \/ Responsabilidad Civil y Otros Incidentes Casos comunes de responsabilidad civil Formulario de consulta de casos \u00bfUsted o alg\u00fan familiar ha sido v\u00edctima de una lesi\u00f3n o muerte por negligencia? Cont\u00e1ctenos ahora para una consulta. Tambi\u00e9n atendemos una amplia gama de situaciones [&hellip;]","og_url":"https:\/\/klaims.com\/en\/responsabilidad-civil-y-otros-incidentes\/","og_site_name":"KLAIMS.COM, EL CAMINO M\u00c1S R\u00c1PIDO A TU COMPENSACI\u00d3N","article_modified_time":"2026-04-06T18:27:38+00:00","og_image":[{"url":"https:\/\/klaims.com\/wp-content\/uploads\/2026\/04\/lying-electric-scooter-sharing-wet-ground-cloudy-weather-bucharest-romania.jpg-1024x683.jpeg","type":"","width":"","height":""}],"twitter_card":"summary_large_image","twitter_misc":{"Est. reading time":"2 minutes"},"schema":{"@context":"https:\/\/schema.org","@graph":[{"@type":"WebPage","@id":"https:\/\/klaims.com\/responsabilidad-civil-y-otros-incidentes\/","url":"https:\/\/klaims.com\/responsabilidad-civil-y-otros-incidentes\/","name":"Responsabilidad Civil y Otros Incidentes - KLAIMS.COM, EL CAMINO M\u00c1S R\u00c1PIDO A TU COMPENSACI\u00d3N","isPartOf":{"@id":"https:\/\/klaims.com\/#website"},"primaryImageOfPage":{"@id":"https:\/\/klaims.com\/responsabilidad-civil-y-otros-incidentes\/#primaryimage"},"image":{"@id":"https:\/\/klaims.com\/responsabilidad-civil-y-otros-incidentes\/#primaryimage"},"thumbnailUrl":"https:\/\/klaims.com\/wp-content\/uploads\/2026\/04\/lying-electric-scooter-sharing-wet-ground-cloudy-weather-bucharest-romania.jpg-1024x683.jpeg","datePublished":"2025-10-09T19:37:48+00:00","dateModified":"2026-04-06T18:27:38+00:00","breadcrumb":{"@id":"https:\/\/klaims.com\/responsabilidad-civil-y-otros-incidentes\/#breadcrumb"},"inLanguage":"en-US","potentialAction":[{"@type":"ReadAction","target":["https:\/\/klaims.com\/responsabilidad-civil-y-otros-incidentes\/"]}]},{"@type":"ImageObject","inLanguage":"en-US","@id":"https:\/\/klaims.com\/responsabilidad-civil-y-otros-incidentes\/#primaryimage","url":"https:\/\/klaims.com\/wp-content\/uploads\/2026\/04\/lying-electric-scooter-sharing-wet-ground-cloudy-weather-bucharest-romania.jpg-1024x683.jpeg","contentUrl":"https:\/\/klaims.com\/wp-content\/uploads\/2026\/04\/lying-electric-scooter-sharing-wet-ground-cloudy-weather-bucharest-romania.jpg-1024x683.jpeg"},{"@type":"BreadcrumbList","@id":"https:\/\/klaims.com\/responsabilidad-civil-y-otros-incidentes\/#breadcrumb","itemListElement":[{"@type":"ListItem","position":1,"name":"Portada","item":"https:\/\/klaims.com\/"},{"@type":"ListItem","position":2,"name":"Responsabilidad Civil y Otros Incidentes"}]},{"@type":"WebSite","@id":"https:\/\/klaims.com\/#website","url":"https:\/\/klaims.com\/","name":"KLAIMS.COM, EL CAMINO M\u00c1S R\u00c1PIDO A TU COMPENSACI\u00d3N","description":"","potentialAction":[{"@type":"SearchAction","target":{"@type":"EntryPoint","urlTemplate":"https:\/\/klaims.com\/?s={search_term_string}"},"query-input":{"@type":"PropertyValueSpecification","valueRequired":true,"valueName":"search_term_string"}}],"inLanguage":"en-US"}]}},"_links":{"self":[{"href":"https:\/\/klaims.com\/en\/wp-json\/wp\/v2\/pages\/1601","targetHints":{"allow":["GET"]}}],"collection":[{"href":"https:\/\/klaims.com\/en\/wp-json\/wp\/v2\/pages"}],"about":[{"href":"https:\/\/klaims.com\/en\/wp-json\/wp\/v2\/types\/page"}],"author":[{"embeddable":true,"href":"https:\/\/klaims.com\/en\/wp-json\/wp\/v2\/users\/1"}],"replies":[{"embeddable":true,"href":"https:\/\/klaims.com\/en\/wp-json\/wp\/v2\/comments?post=1601"}],"version-history":[{"count":28,"href":"https:\/\/klaims.com\/en\/wp-json\/wp\/v2\/pages\/1601\/revisions"}],"predecessor-version":[{"id":2276,"href":"https:\/\/klaims.com\/en\/wp-json\/wp\/v2\/pages\/1601\/revisions\/2276"}],"wp:attachment":[{"href":"https:\/\/klaims.com\/en\/wp-json\/wp\/v2\/media?parent=1601"}],"curies":[{"name":"wp","href":"https:\/\/api.w.org\/{rel}","templated":true}]}}